{"id":679,"date":"2019-01-07T18:17:02","date_gmt":"2019-01-07T21:17:02","guid":{"rendered":"https:\/\/cursolider.com.br\/2018\/?post_type=product&#038;p=679"},"modified":"2022-03-16T20:45:45","modified_gmt":"2022-03-16T23:45:45","slug":"pm-pe-e-bm-pe","status":"publish","type":"product","link":"https:\/\/cursolider.com.br\/2018\/produto\/pm-pe-e-bm-pe\/","title":{"rendered":"PM-PE"},"content":{"rendered":"<h2 class=\"course-des-title\">PM-PE<\/h2>\n<ul>\n<li><strong>IN\u00cdCIO: 20\/04\/2022 <\/strong><\/li>\n<li><strong>DURA\u00c7\u00c3O: 08 Semanas<\/strong><\/li>\n<li><strong>AULAS DE SEGUNDA A SEXTA<\/strong><\/li>\n<li><strong>TURNOS: MANH\u00c3-09:00 \u00c0S 12:00h,\u00a0<\/strong><strong>TARDE-14:00 \u00e0s 17:00h e NOITE-19:00 \u00e0s 22:00h<\/strong><\/li>\n<li><strong>MATERIAL INCLUSO<\/strong><\/li>\n<\/ul>\n","protected":false},"excerpt":{"rendered":"<h1 style=\"text-align: center;\">PROMO\u00c7\u00c3O POR TEMPO LIMITADO<\/h1>\n<h1 style=\"text-align: center;\">PM-PE<\/h1>\n<p>PAGAMENTO NO SITE: R$ 400,00 \u00c0 VISTA OU EM AT\u00c9 12X COM JUROS DO PAG-SEGURO<\/p>\n<p>PAGAMENTO PRESENCIAL: R$ 400,00 \u00c0 VISTA OU R$ 500,00 AT\u00c9 4X NO CART\u00c3O<\/p>\n","protected":false},"featured_media":751,"comment_status":"open","ping_status":"closed","template":"","meta":{"_monsterinsights_skip_tracking":false,"_monsterinsights_sitenote_active":false,"_monsterinsights_sitenote_note":"","_monsterinsights_sitenote_category":0},"_links":{"self":[{"href":"https:\/\/cursolider.com.br\/2018\/wp-json\/wp\/v2\/product\/679"}],"collection":[{"href":"https:\/\/cursolider.com.br\/2018\/wp-json\/wp\/v2\/product"}],"about":[{"href":"https:\/\/cursolider.com.br\/2018\/wp-json\/wp\/v2\/types\/product"}],"replies":[{"embeddable":true,"href":"https:\/\/cursolider.com.br\/2018\/wp-json\/wp\/v2\/comments?post=679"}],"wp:featuredmedia":[{"embeddable":true,"href":"https:\/\/cursolider.com.br\/2018\/wp-json\/wp\/v2\/media\/751"}],"wp:attachment":[{"href":"https:\/\/cursolider.com.br\/2018\/wp-json\/wp\/v2\/media?parent=679"}],"curies":[{"name":"wp","href":"https:\/\/api.w.org\/{rel}","templated":true}]}}