{"id":137,"date":"2018-05-24T21:50:53","date_gmt":"2018-05-25T00:50:53","guid":{"rendered":"http:\/\/cursolider.com.br\/2018\/?post_type=product&#038;p=137"},"modified":"2022-07-25T06:36:08","modified_gmt":"2022-07-25T09:36:08","slug":"supletivo-2o-grau-nivel-medio","status":"publish","type":"product","link":"https:\/\/cursolider.com.br\/2018\/produto\/supletivo-2o-grau-nivel-medio\/","title":{"rendered":"Supletivo 2\u00ba Grau &#8211; Promo\u00e7\u00e3o M\u00eas dos Namorados"},"content":{"rendered":"<div class=\"course-des-content\">\n<h3 class=\"course-des-title\"><strong style=\"font-size: 16px;\">Ensino\u00a0M\u00e9dio (2\u00ba Grau) Promo\u00e7\u00e3o at\u00e9 31 de Agosto<\/strong><\/h3>\n<ul>\n<li>\n<h4><strong>Incluso no pacote: apostila, provas contendo 12 mat\u00e9rias, transporte para realiza\u00e7\u00e3o das provas em Jo\u00e3o Pessoa-PB e as aulas presenciais e online**<\/strong><\/h4>\n<\/li>\n<li>\n<h4><strong>Novas Turmas toda Segunda<\/strong><\/h4>\n<\/li>\n<li>\n<h5><strong>Data das pr\u00f3ximas provas:\u00a0<\/strong><strong>(O aluno escolhe a data da Prova que lhe vai ser informada no ato da inscri\u00e7\u00e3o ou escolhe at\u00e9 07 dias antes da mesma a que deseja fazer).<\/strong><\/h5>\n<\/li>\n<li>\n<h4><strong>Voc\u00ea pode escolher quanto tempo de aula pretende estudar sem pagar mais nada por isso<\/strong><\/h4>\n<\/li>\n<li>\n<h5><strong>Concluindo as doze mat\u00e9rias de uma vez no mesmo col\u00e9gio paga mais R$ 200,00 em dinheiro ou R$ 230,00 em at\u00e9 4x no cart\u00e3o referente ao custeio\u00a0do certificado (Ficha 19), s\u00f3 ap\u00f3s receber o resultado de conclus\u00e3o.<\/strong><\/h5>\n<\/li>\n<li>\n<h5><strong>Tem que ter\u00a0no m\u00ednimo\u00a018 anos para realizar as provas do N\u00edvel M\u00e9dio.<\/strong><\/h5>\n<\/li>\n<li>\n<h5><strong>**Aula online Inclui &#8220;Parte do assunto&#8221;.<\/strong><\/h5>\n<\/li>\n<li><strong>Endere\u00e7o:\u00a0<\/strong>R. do Hosp\u00edcio, 859 &#8211; Boa Vista, Recife &#8211; PE (em frente ao Parque 13 de Maio).<\/li>\n<\/ul>\n<p><strong>Documenta\u00e7\u00e3o<\/strong><\/p>\n<\/div>\n<div class=\"row\">\n<div class=\"col-md-6 col-sm-6 col-xs-6\">\n<ul class=\"list-unstyled list-detail\">\n<li><i class=\"fa fa-angle-right\"><\/i><a>Xerox: RG<\/a><\/li>\n<li><i class=\"fa fa-angle-right\"><\/i><a>Xerox: Registro de Nascimento ou Casamento<\/a><\/li>\n<li><i class=\"fa fa-angle-right\"><\/i><a>Foto 3&#215;4<\/a><\/li>\n<li><i class=\"fa fa-angle-right\"><\/i><a>CPF<\/a><\/li>\n<\/ul>\n<\/div>\n<\/div>\n","protected":false},"excerpt":{"rendered":"<div class=\"course-des-content\">\n<ul>\n<li><strong>PROMO\u00c7\u00c3O AT\u00c9 31\/08\/2022<\/strong><\/li>\n<li><strong>PAGAMENTO NO SITE: \u00c0 VISTA R$ 600,00 \u00e0 vista ou em at\u00e9 12x com Juros do Pag-Seguro<\/strong><\/li>\n<li><strong>PAGAMENTO PRESENCIAL: Em dinheiro R$ 600,00 ou R$ 699,00 em at\u00e9 6x sem Juros<\/strong><\/li>\n<\/ul>\n<\/div>\n","protected":false},"featured_media":1793,"comment_status":"open","ping_status":"closed","template":"","meta":{"_monsterinsights_skip_tracking":false,"_monsterinsights_sitenote_active":false,"_monsterinsights_sitenote_note":"","_monsterinsights_sitenote_category":0},"_links":{"self":[{"href":"https:\/\/cursolider.com.br\/2018\/wp-json\/wp\/v2\/product\/137"}],"collection":[{"href":"https:\/\/cursolider.com.br\/2018\/wp-json\/wp\/v2\/product"}],"about":[{"href":"https:\/\/cursolider.com.br\/2018\/wp-json\/wp\/v2\/types\/product"}],"replies":[{"embeddable":true,"href":"https:\/\/cursolider.com.br\/2018\/wp-json\/wp\/v2\/comments?post=137"}],"wp:featuredmedia":[{"embeddable":true,"href":"https:\/\/cursolider.com.br\/2018\/wp-json\/wp\/v2\/media\/1793"}],"wp:attachment":[{"href":"https:\/\/cursolider.com.br\/2018\/wp-json\/wp\/v2\/media?parent=137"}],"curies":[{"name":"wp","href":"https:\/\/api.w.org\/{rel}","templated":true}]}}