{"id":144,"date":"2018-06-03T00:18:04","date_gmt":"2018-06-03T03:18:04","guid":{"rendered":"http:\/\/cursolider.com.br\/2018\/?page_id=144"},"modified":"2018-06-03T00:31:56","modified_gmt":"2018-06-03T03:31:56","slug":"enem","status":"publish","type":"page","link":"https:\/\/cursolider.com.br\/2018\/enem\/","title":{"rendered":"Enem"},"content":{"rendered":"<div class=\"group-title-index\">\n<p><a class=\"btn btn-success\" href=\"http:\/\/enem.inep.gov.br\/participante\/#!\/inicial\" target=\"_blank\" rel=\"noopener\">QUERO FAZER MINHA INSCRI\u00c7\u00c3O<\/a><\/p>\n<\/div>\n<h3>Orienta\u00e7\u00f5es ao Participante<\/h3>\n<p>Prezado(a) Participante,<\/p>\n<p>Antes de efetuar sua inscri\u00e7\u00e3o, leia atentamente o Edital do Exame, seus anexos e atos normativos nele mencionados.<a href=\"http:\/\/enem.inep.gov.br\/\" target=\"_blank\" rel=\"noopener\">Clique aqui e acesse o Edital.<\/a><\/p>\n<p>Todas as informa\u00e7\u00f5es prestadas na inscri\u00e7\u00e3o s\u00e3o de sua inteira responsabilidade. Confira atentamente os dados informados antes de concluir a inscri\u00e7\u00e3o.<\/p>\n<p>Ap\u00f3s a confirma\u00e7\u00e3o da inscri\u00e7\u00e3o, poder\u00e3o ser realizadas altera\u00e7\u00f5es nos dados cadastrais, apenas durante o per\u00edodo de inscri\u00e7\u00e3o, das 10h do dia 08\/05\/2017 \u00e0s 23h59min do dia 19\/05\/2017, hor\u00e1rio oficial de Bras\u00edlia-DF. As altera\u00e7\u00f5es dever\u00e3o ser efetuadas na p\u00e1gina do participante.<\/p>\n<p>O Inep n\u00e3o se responsabiliza por informa\u00e7\u00f5es incorretas ou n\u00e3o recebidas por motivos de ordem t\u00e9cnica, como falhas de computadores ou outros que impossibilitem a conclus\u00e3o da sua inscri\u00e7\u00e3o.<\/p>\n<p>A taxa de inscri\u00e7\u00e3o para participar do Enem 2017 \u00e9 de R$ 82,00 (oitenta e dois reais). Est\u00e3o isentos do pagamento da taxa de inscri\u00e7\u00e3o:<\/p>\n<ul>\n<li style=\"list-style-type: none;\">\n<ul>\n<li><b>Automaticamente:<\/b>\u00a0alunos matriculados em institui\u00e7\u00f5es p\u00fablicas de ensino (federais, estaduais e municipais), que estejam cursando o \u00faltimo ano do ensino m\u00e9dio (concluintes).<\/li>\n<li><b>Mediante Declara\u00e7\u00e3o de Car\u00eancia:<\/b>\u00a0participantes que declarem car\u00eancia no ato de sua inscri\u00e7\u00e3o, conforme legisla\u00e7\u00e3o vigente, e que a declara\u00e7\u00e3o seja aprovada pelo Inep.<\/li>\n<\/ul>\n<\/li>\n<\/ul>\n<hr \/>\n<p>&nbsp;<\/p>\n<div class=\"group-title-index\">\n<h2 class=\"center-title\">Downloads das Provas<\/h2>\n<\/div>\n<div class=\"intro-edu-wrapper\">\n<div class=\"row\">\n<div class=\"col-md-12 journal-content-article\">\n<p>Provas e GabaritosEntre 1998 e 2008 as provas eram estruturadas a partir de uma matriz de 21 habilidades, em que cada uma delas era avaliada por tr\u00eas quest\u00f5es. Assim, a parte objetiva das provas era composta por 63 itens interdisciplinares aplicados em um \u00fanico caderno.<\/p>\n<p>A partir de 2009, as provas objetivas passaram a ser estruturadas em quatro matrizes, uma para cada \u00e1rea de conhecimento. Cada uma das quatro \u00e1reas \u00e9 composta por 45 quest\u00f5es. Cada um dos cadernos, na nova edi\u00e7\u00e3o do exame, \u00e9 composto por 2 \u00e1reas de conhecimento, totalizando 90 quest\u00f5es por caderno.<\/p>\n<p>&nbsp;<\/p>\n<h4 class=\"titEnem\">2015<\/h4>\n<p><strong>2\u00aa aplica\u00e7\u00e3o<\/strong><\/p>\n<ul id=\"aui-3-2-0PR1-1145\">\n<li id=\"aui-3-2-0PR1-1200\"><a id=\"aui-3-2-0PR1-1199\" href=\"http:\/\/cursolider.com.br\/enem\/provas\/2015\/CAD_ENEM_2015_2aAPLICACAO_DIA_01_01_AZUL.pdf\" target=\"_blank\" rel=\"noopener\">Caderno 1 &#8211; Azul<\/a>\u00a0&#8211;\u00a0<a id=\"aui-3-2-0PR1-1215\" href=\"http:\/\/cursolider.com.br\/enem\/gabaritos\/2015\/GAB_ENEM_2015_2aAPLICACAO_DIA_01_01_AZUL.pdf\" target=\"_blank\" rel=\"noopener\">Gabarito<\/a>\u00a0&#8211; ter\u00e7a-feira, dia 01\/12\/2015<\/li>\n<li><a href=\"http:\/\/cursolider.com.br\/enem\/provas\/2015\/CAD_ENEM_2015_2aAPLICACAO_DIA_01_02_AMARELO.pdf\" target=\"_blank\" rel=\"noopener\">Caderno 2 &#8211; Amarelo<\/a>\u00a0&#8211;\u00a0<a href=\"http:\/\/cursolider.com.br\/enem\/gabaritos\/2015\/GAB_ENEM_2015_2aAPLICACAO_DIA_01_02_AMARELO.pdf\" target=\"_blank\" rel=\"noopener\">Gabarito<\/a>\u00a0&#8211; ter\u00e7a-feira, dia 01\/12\/2015<\/li>\n<li id=\"aui-3-2-0PR1-1144\"><a href=\"http:\/\/cursolider.com.br\/enem\/provas\/2015\/CAD_ENEM_2015_2aAPLICACAO_DIA_01_03_BRANCO.pdf\" target=\"_new\">Caderno 3 &#8211; Branco<\/a>\u00a0&#8211;\u00a0<a id=\"aui-3-2-0PR1-1142\" href=\"http:\/\/cursolider.com.br\/enem\/gabaritos\/2015\/GAB_ENEM_2015_2aAPLICACAO_DIA_01_03_BRANCO.pdf\" target=\"_new\">Gabarito<\/a>\u00a0&#8211; ter\u00e7a-feira, dia 01\/12\/2015<\/li>\n<li><a href=\"http:\/\/cursolider.com.br\/enem\/provas\/2015\/CAD_ENEM_2015_2aAPLICACAO_DIA_01_04_ROSA.pdf\" target=\"_new\">Caderno 4 &#8211; Rosa<\/a>\u00a0&#8211;\u00a0<a href=\"http:\/\/cursolider.com.br\/enem\/gabaritos\/2015\/GAB_ENEM_2015_2aAPLICACAO_DIA_01_04_ROSA.pdf\" target=\"_new\">Gabarito<\/a>\u00a0&#8211; ter\u00e7a-feira, dia 01\/12\/2015<\/li>\n<li><a href=\"http:\/\/cursolider.com.br\/enem\/provas\/2015\/CAD_ENEM_2015_2aAPLICACAO_DIA_02_05_AMARELO.pdf\" target=\"_new\">Caderno 5 &#8211; Amarelo<\/a>\u00a0&#8211;\u00a0<a href=\"http:\/\/cursolider.com.br\/enem\/gabaritos\/2015\/GAB_ENEM_2015_2aAPLICACAO_DIA_02_05_AMARELO.pdf\" target=\"_new\">Gabarito<\/a>\u00a0&#8211; quarta-feira, dia 02\/12\/2015<\/li>\n<li><a href=\"http:\/\/cursolider.com.br\/enem\/provas\/2015\/CAD_ENEM_2015_2aAPLICACAO_DIA_02_06_CINZA.pdf\" target=\"_new\">Caderno 6 &#8211; Cinza<\/a>\u00a0&#8211;\u00a0<a href=\"http:\/\/cursolider.com.br\/enem\/gabaritos\/2015\/GAB_ENEM_2015_2aAPLICACAO_DIA_02_06_CINZA.pdf\" target=\"_new\">Gabarito<\/a>\u00a0&#8211; quarta-feira, dia 02\/12\/2015<\/li>\n<li><a href=\"http:\/\/cursolider.com.br\/enem\/provas\/2015\/CAD_ENEM_2015_2aAPLICACAO_DIA_02_07_AZUL.pdf\" target=\"_new\">Caderno 7 &#8211; Azul<\/a>\u00a0&#8211;\u00a0<a href=\"http:\/\/cursolider.com.br\/enem\/gabaritos\/2015\/GAB_ENEM_2015_2aAPLICACAO_DIA_02_07_AZUL.pdf\" target=\"_new\">Gabarito<\/a>\u00a0&#8211; quarta-feira, dia 02\/12\/2015<\/li>\n<li><a href=\"http:\/\/cursolider.com.br\/enem\/provas\/2015\/CAD_ENEM_2015_2aAPLICACAO_DIA_02_08_ROSA.pdf\" target=\"_new\">Caderno 8 &#8211; Rosa<\/a>\u00a0&#8211;\u00a0<a href=\"http:\/\/cursolider.com.br\/enem\/gabaritos\/2015\/GAB_ENEM_2015_2aAPLICACAO_DIA_02_08_ROSA.pdf\" target=\"_new\">Gabarito<\/a>\u00a0&#8211; quarta-feira, dia 02\/12\/2015<\/li>\n<\/ul>\n<p><strong>1\u00aa aplica\u00e7\u00e3o<\/strong><\/p>\n<ul>\n<li><a href=\"http:\/\/cursolider.com.br\/enem\/provas\/2015\/CAD_ENEM%202015_DIA%201_01_AZUL.pdf\" target=\"_new\">Caderno 1 &#8211; Azul<\/a>\u00a0&#8211;\u00a0<a href=\"http:\/\/cursolider.com.br\/enem\/gabaritos\/2015\/CADERNO_1_AZUL_SABADO.pdf\" target=\"_new\">Gabarito<\/a>\u00a0&#8211; s\u00e1bado, dia 24\/10\/2015<\/li>\n<li><a href=\"http:\/\/cursolider.com.br\/enem\/provas\/2015\/CAD_ENEM%202015_DIA%201_02_AMARELO.pdf\" target=\"_new\">Caderno 2 &#8211; Amarelo<\/a>\u00a0&#8211;\u00a0<a href=\"http:\/\/cursolider.com.br\/enem\/gabaritos\/2015\/CADERNO_2_AMARELO_SABADO.pdf\" target=\"_new\">Gabarito<\/a>\u00a0&#8211; s\u00e1bado, dia\u00a024\/10\/2015<\/li>\n<li><a href=\"http:\/\/cursolider.com.br\/enem\/provas\/2015\/CAD_ENEM%202015_DIA%201_03_BRANCO.pdf\" target=\"_new\">Caderno 3 &#8211; Branco<\/a>\u00a0&#8211;\u00a0<a href=\"http:\/\/cursolider.com.br\/enem\/gabaritos\/2015\/CADERNO_3_BRANCO_SABADO.pdf\" target=\"_new\">Gabarito<\/a>\u00a0&#8211; s\u00e1bado, dia\u00a024\/10\/2015<\/li>\n<li><a href=\"http:\/\/cursolider.com.br\/enem\/provas\/2015\/CAD_ENEM%202015_DIA%201_04_ROSA.pdf\" target=\"_new\">Caderno 4 &#8211; Rosa<\/a>\u00a0&#8211;\u00a0<a href=\"http:\/\/cursolider.com.br\/enem\/gabaritos\/2015\/CADERNO_4_ROSA_SABADO.pdf\" target=\"_new\">Gabarito<\/a>\u00a0&#8211; s\u00e1bado, dia\u00a024\/10\/2015<\/li>\n<li><a href=\"http:\/\/cursolider.com.br\/enem\/provas\/2015\/CAD_ENEM%202015_DIA%202_05_AMARELO.pdf\" target=\"_new\">Caderno 5 &#8211; Amarelo<\/a>\u00a0&#8211;\u00a0<a href=\"http:\/\/cursolider.com.br\/enem\/gabaritos\/2015\/CADERNO_5_AMARELO_DOMINGO.pdf\" target=\"_new\">Gabarito<\/a>\u00a0&#8211; domingo, dia 25\/10\/2014<\/li>\n<li><a href=\"http:\/\/cursolider.com.br\/enem\/provas\/2015\/CAD_ENEM%202015_DIA%202_06_CINZA.pdf\" target=\"_new\">Caderno 6 &#8211; Cinza<\/a>\u00a0&#8211;\u00a0<a href=\"http:\/\/cursolider.com.br\/enem\/gabaritos\/2015\/CADERNO_6_CINZA_DOMINGO.pdf\" target=\"_new\">Gabarito<\/a>\u00a0&#8211; domingo, dia\u00a025\/10\/2014<\/li>\n<li><a href=\"http:\/\/cursolider.com.br\/enem\/provas\/2015\/CAD_ENEM%202015_DIA%202_07_AZUL.pdf\" target=\"_new\">Caderno 7 &#8211; Azul<\/a>\u00a0&#8211;\u00a0<a href=\"http:\/\/cursolider.com.br\/enem\/gabaritos\/2015\/CADERNO_7_AZUL_DOMINGO.pdf\" target=\"_new\">Gabarito<\/a>\u00a0&#8211; domingo, dia\u00a025\/10\/2014<\/li>\n<li><a href=\"http:\/\/cursolider.com.br\/enem\/provas\/2015\/CAD_ENEM%202015_DIA%202_08_ROSA.pdf\" target=\"_new\">Caderno 8 &#8211; Rosa<\/a>\u00a0&#8211;\u00a0<a href=\"http:\/\/cursolider.com.br\/enem\/gabaritos\/2015\/CADERNO_8_ROSA_DOMINGO.pdf\" target=\"_new\">Gabarito<\/a>\u00a0&#8211; domingo, dia\u00a025\/10\/2014<\/li>\n<\/ul>\n<p>&nbsp;<\/p>\n<h4 class=\"titEnem\">2014<\/h4>\n<ul>\n<li><a href=\"http:\/\/cursolider.com.br\/enem\/provas\/2014\/CAD_ENEM_2014_DIA_1_01_AZUL.pdf\" target=\"_new\">Caderno 1 &#8211; Azul<\/a>\u00a0&#8211;\u00a0<a href=\"http:\/\/cursolider.com.br\/enem\/gabaritos\/2014\/CADERNO_1_AZUL_SABADO.pdf\" target=\"_new\">Gabarito<\/a>\u00a0&#8211; s\u00e1bado, dia 8\/11\/2014<\/li>\n<li><a href=\"http:\/\/cursolider.com.br\/enem\/provas\/2014\/CAD_ENEM_2014_DIA_1_02_AMARELO.pdf\" target=\"_new\">Caderno 2 &#8211; Amarelo<\/a>\u00a0&#8211;\u00a0<a href=\"http:\/\/cursolider.com.br\/enem\/gabaritos\/2014\/CADERNO_2_AMARELO_SABADO.pdf\" target=\"_new\">Gabarito<\/a>\u00a0&#8211; s\u00e1bado, dia 8\/11\/2014<\/li>\n<li><a href=\"http:\/\/cursolider.com.br\/enem\/provas\/2014\/CAD_ENEM_2014_DIA_1_03_BRANCO.pdf\" target=\"_new\">Caderno 3 &#8211; Branco<\/a>\u00a0&#8211;\u00a0<a href=\"http:\/\/cursolider.com.br\/enem\/gabaritos\/2014\/CADERNO_3_BRANCO_SABADO.pdf\" target=\"_new\">Gabarito<\/a>\u00a0&#8211; s\u00e1bado, dia 8\/11\/2014<\/li>\n<li><a href=\"http:\/\/cursolider.com.br\/enem\/provas\/2014\/CAD_ENEM_2014_DIA_1_04_ROSA.pdf\" target=\"_new\">Caderno 4 &#8211; Rosa<\/a>\u00a0&#8211;\u00a0<a href=\"http:\/\/cursolider.com.br\/enem\/gabaritos\/2014\/CADERNO_4_ROSA_SABADO.pdf\" target=\"_new\">Gabarito<\/a>\u00a0&#8211; s\u00e1bado, dia 8\/11\/2014<\/li>\n<li><a href=\"http:\/\/cursolider.com.br\/enem\/provas\/2014\/CAD_ENEM_2014_DIA_2_05_AMARELO.pdf\" target=\"_new\">Caderno 5 &#8211; Amarelo<\/a>\u00a0&#8211;\u00a0<a href=\"http:\/\/cursolider.com.br\/enem\/gabaritos\/2014\/CADERNO_5_AMARELO_DOMINGO.pdf\" target=\"_new\">Gabarito<\/a>\u00a0&#8211; domingo, dia 9\/11\/2014<\/li>\n<li><a href=\"http:\/\/cursolider.com.br\/enem\/provas\/2014\/CAD_ENEM_2014_DIA_2_06_CINZA.pdf\" target=\"_new\">Caderno 6 &#8211; Cinza<\/a>\u00a0&#8211;\u00a0<a href=\"http:\/\/cursolider.com.br\/enem\/gabaritos\/2014\/CADERNO_6_CINZA_DOMINGO.pdf\" target=\"_new\">Gabarito<\/a>\u00a0&#8211; domingo, dia 9\/11\/2014<\/li>\n<li><a href=\"http:\/\/cursolider.com.br\/enem\/provas\/2014\/CAD_ENEM_2014_DIA_2_07_AZUL.pdf\" target=\"_new\">Caderno 7 &#8211; Azul<\/a>\u00a0&#8211;\u00a0<a href=\"http:\/\/cursolider.com.br\/enem\/gabaritos\/2014\/CADERNO_7_AZUL_DOMINGO.pdf\" target=\"_new\">Gabarito<\/a>\u00a0&#8211; domingo, dia 9\/11\/2014<\/li>\n<li><a href=\"http:\/\/cursolider.com.br\/enem\/provas\/2014\/CAD_ENEM_2014_DIA_2_08_ROSA.pdf\" target=\"_new\">Caderno 8 &#8211; Rosa<\/a>\u00a0&#8211;\u00a0<a href=\"http:\/\/cursolider.com.br\/enem\/gabaritos\/2014\/CADERNO_8_ROSA_DOMINGO.pdf\" target=\"_new\">Gabarito<\/a>\u00a0&#8211; domingo, dia 9\/11\/2014<\/li>\n<\/ul>\n<h4 class=\"titEnem\">2013<\/h4>\n<ul>\n<li><a href=\"http:\/\/cursolider.com.br\/enem\/provas\/2013\/caderno_enem2013_sab_azul.pdf\" target=\"_blank\" rel=\"noopener\">Caderno 1 &#8211; Azul\u00a0<\/a>&#8211;\u00a0<a href=\"http:\/\/cursolider.com.br\/enem\/gabaritos\/2013\/dia1_azul.pdf\" target=\"_blank\" rel=\"noopener\">Gabarito<\/a>\u00a0&#8211; s\u00e1bado, dia 26\/10\/2013<\/li>\n<li><a href=\"http:\/\/cursolider.com.br\/enem\/provas\/2013\/caderno_enem2013_sab_amarelo.pdf\" target=\"_blank\" rel=\"noopener\">Caderno 2 &#8211; Amarelo<\/a>\u00a0&#8211;\u00a0<a href=\"http:\/\/cursolider.com.br\/enem\/gabaritos\/2013\/dia1_amarelo.pdf\" target=\"_blank\" rel=\"noopener\">Gabarito<\/a>\u00a0&#8211; s\u00e1bado, dia 26\/10\/2013<\/li>\n<li><a href=\"http:\/\/cursolider.com.br\/enem\/provas\/2013\/caderno_enem2013_sab_branco.pdf\" target=\"_blank\" rel=\"noopener\">Caderno 3 &#8211; Branco<\/a>\u00a0&#8211;\u00a0<a href=\"http:\/\/cursolider.com.br\/enem\/gabaritos\/2013\/dia1_branco.pdf\" target=\"_blank\" rel=\"noopener\">Gabarito<\/a>\u00a0&#8211; s\u00e1bado, dia 26\/10\/2013<\/li>\n<li><a href=\"http:\/\/cursolider.com.br\/enem\/provas\/2013\/caderno_enem2013_sab_rosa.pdf\" target=\"_blank\" rel=\"noopener\">Caderno 4 &#8211; Rosa\u00a0<\/a>&#8211;\u00a0<a href=\"http:\/\/cursolider.com.br\/enem\/gabaritos\/2013\/dia1_rosa.pdf\" target=\"_blank\" rel=\"noopener\">Gabarito<\/a>\u00a0&#8211; s\u00e1bado, dia 26\/10\/2013<\/li>\n<li><a href=\"http:\/\/cursolider.com.br\/enem\/provas\/2013\/caderno_enem2013_dom_amarelo.pdf\" target=\"_blank\" rel=\"noopener\">Caderno 5 &#8211; Amarelo<\/a>\u00a0&#8211;\u00a0<a href=\"http:\/\/cursolider.com.br\/enem\/gabaritos\/2013\/dia2_amarelo.pdf\" target=\"_blank\" rel=\"noopener\">Gabarito<\/a>\u00a0&#8211; domingo, dia 27\/10\/2013<\/li>\n<li><a href=\"http:\/\/cursolider.com.br\/enem\/provas\/2013\/caderno_enem2013_dom_cinza.pdf\" target=\"_blank\" rel=\"noopener\">Caderno 6 &#8211; Cinza<\/a>\u00a0&#8211;\u00a0<a href=\"http:\/\/cursolider.com.br\/enem\/gabaritos\/2013\/dia2_cinza.pdf\" target=\"_blank\" rel=\"noopener\">Gabarito<\/a>\u00a0&#8211; domingo, dia 27\/10\/2013<\/li>\n<li><a href=\"http:\/\/cursolider.com.br\/enem\/provas\/2013\/caderno_enem2013_dom_azul.pdf\" target=\"_blank\" rel=\"noopener\">Caderno 7 &#8211; Azul<\/a>\u00a0&#8211;\u00a0<a href=\"http:\/\/cursolider.com.br\/enem\/gabaritos\/2013\/dia2_azul.pdf\" target=\"_blank\" rel=\"noopener\">Gabarito<\/a>\u00a0&#8211; domingo, dia 27\/10\/2013<\/li>\n<li><a href=\"http:\/\/cursolider.com.br\/enem\/provas\/2013\/caderno_enem2013_dom_rosa.pdf\" target=\"_blank\" rel=\"noopener\">Caderno 8 &#8211; Rosa<\/a>\u00a0&#8211;\u00a0<a href=\"http:\/\/cursolider.com.br\/enem\/gabaritos\/2013\/dia2_rosa.pdf\" target=\"_blank\" rel=\"noopener\">Gabarito<\/a>\u00a0&#8211; domingo, dia 27\/10\/2013<\/li>\n<\/ul>\n<h4 class=\"titEnem\">2012<\/h4>\n<ul>\n<li><a href=\"http:\/\/cursolider.com.br\/enem\/provas\/2012\/caderno_enem2012_sab_azul.pdf\" target=\"_blank\" rel=\"noopener\">Caderno 1 &#8211; Azul<\/a>\u00a0(com gabarito) &#8211;\u00a0<a href=\"http:\/\/cursolider.com.br\/enem\/gabaritos\/2012\/dia1_azul.pdf\" target=\"_blank\" rel=\"noopener\">Gabarito\u00a0<\/a>&#8211; s\u00e1bado, dia 3\/11\/2012<\/li>\n<li><a href=\"http:\/\/cursolider.com.br\/enem\/provas\/2012\/caderno_enem2012_sab_amarelo.pdf\" target=\"_blank\" rel=\"noopener\">Caderno 2 &#8211; Amarelo<\/a>\u00a0(com gabarito) &#8211;\u00a0<a href=\"http:\/\/cursolider.com.br\/enem\/gabaritos\/2012\/dia1_amarelo.pdf\" target=\"_blank\" rel=\"noopener\">Gabarito<\/a>\u00a0&#8211; s\u00e1bado, dia 3\/11\/2012<\/li>\n<li><a href=\"http:\/\/cursolider.com.br\/enem\/provas\/2012\/caderno_enem2012_sab_branco.pdf\" target=\"_blank\" rel=\"noopener\">Caderno 3 &#8211; Branco<\/a>\u00a0(com gabarito) &#8211;\u00a0<a href=\"http:\/\/cursolider.com.br\/enem\/gabaritos\/2012\/dia1_branco.pdf\" target=\"_blank\" rel=\"noopener\">Gabarito<\/a>\u00a0&#8211; s\u00e1bado, dia 3\/11\/2012<\/li>\n<li><a href=\"http:\/\/cursolider.com.br\/enem\/provas\/2012\/caderno_enem2012_sab_rosa.pdf\" target=\"_blank\" rel=\"noopener\">Caderno 4\u00a0&#8211; Rosa<\/a>\u00a0(com gabarito) &#8211;\u00a0<a href=\"http:\/\/cursolider.com.br\/enem\/gabaritos\/2012\/dia1_rosa.pdf\" target=\"_blank\" rel=\"noopener\">Gabarito<\/a>\u00a0&#8211; s\u00e1bado, dia 3\/11\/2012<\/li>\n<li><a href=\"http:\/\/cursolider.com.br\/enem\/provas\/2012\/caderno_enem2012_dom_amarelo.pdf\" target=\"_blank\" rel=\"noopener\">Caderno 5\u00a0&#8211; Amarelo<\/a>\u00a0(com gabarito) &#8211;\u00a0<a href=\"http:\/\/cursolider.com.br\/enem\/gabaritos\/2012\/dia2_amarelo.pdf\" target=\"_blank\" rel=\"noopener\">Gabarito<\/a>\u00a0&#8211; domingo, dia 4\/11\/2012<\/li>\n<li><a href=\"http:\/\/cursolider.com.br\/enem\/provas\/2012\/caderno_enem2012_dom_cinza.pdf\" target=\"_blank\" rel=\"noopener\">Caderno 6\u00a0&#8211; Cinza<\/a>\u00a0(com gabarito) &#8211;\u00a0<a href=\"http:\/\/cursolider.com.br\/enem\/gabaritos\/2012\/dia2_cinza.pdf\" target=\"_blank\" rel=\"noopener\">Gabarito<\/a>\u00a0&#8211; domingo, dia 4\/11\/2012<\/li>\n<li><a href=\"http:\/\/cursolider.com.br\/enem\/provas\/2012\/caderno_enem2012_dom_azul.pdf\" target=\"_blank\" rel=\"noopener\">Caderno 7\u00a0&#8211; Azul<\/a>\u00a0(com gabarito) &#8211;\u00a0<a href=\"http:\/\/cursolider.com.br\/enem\/gabaritos\/2012\/dia2_azul.pdf\" target=\"_blank\" rel=\"noopener\">Gabarito<\/a>\u00a0&#8211; domingo, dia 4\/11\/2012<\/li>\n<li><a href=\"http:\/\/cursolider.com.br\/enem\/provas\/2012\/caderno_enem2012_dom_rosa.pdf\" target=\"_blank\" rel=\"noopener\">Caderno 8\u00a0&#8211; Rosa<\/a>\u00a0(com gabarito) &#8211;\u00a0<a href=\"http:\/\/cursolider.com.br\/enem\/gabaritos\/2012\/dia2_rosa.pdf\" target=\"_blank\" rel=\"noopener\">Gabarito<\/a>\u00a0&#8211; domingo, dia 4\/11\/2012<\/li>\n<\/ul>\n<h4 class=\"titEnem\">2011<\/h4>\n<ul>\n<li><a href=\"http:\/\/cursolider.com.br\/enem\/provas\/2011\/01_AZUL_GAB.pdf\" target=\"_blank\" rel=\"noopener\">Caderno 1 &#8211; Azul<\/a>\u00a0(com gabarito) &#8211;\u00a0<a href=\"http:\/\/cursolider.com.br\/enem\/gabaritos\/2011\/01_AZUL_GABARITO.pdf\" target=\"_blank\" rel=\"noopener\">Gabarito<\/a>\u00a0&#8211; s\u00e1bado, 22\/10\/2011<\/li>\n<li><a href=\"http:\/\/cursolider.com.br\/enem\/provas\/2011\/02_AMARELO_GAB.pdf\" target=\"_blank\" rel=\"noopener\">Caderno 2 &#8211; Amarelo<\/a>\u00a0(com gabarito) &#8211;\u00a0<a href=\"http:\/\/cursolider.com.br\/enem\/gabaritos\/2011\/02_AMARELO_GABARITO.pdf\" target=\"_blank\" rel=\"noopener\">Gabarito<\/a>\u00a0&#8211; s\u00e1bado, 22\/10\/2011<\/li>\n<li><a href=\"http:\/\/cursolider.com.br\/enem\/provas\/2011\/03_BRANCO_GAB.pdf\" target=\"_blank\" rel=\"noopener\">Caderno 3 &#8211; Branco<\/a>\u00a0(com gabarito) &#8211;\u00a0<a href=\"http:\/\/cursolider.com.br\/enem\/gabaritos\/2011\/03_BRANCO_GABARITO.pdf\" target=\"_blank\" rel=\"noopener\">Gabarito<\/a>\u00a0&#8211; s\u00e1bado, 22\/10\/2011<\/li>\n<li><a href=\"http:\/\/cursolider.com.br\/enem\/provas\/2011\/04_ROSA_GAB.pdf\" target=\"_blank\" rel=\"noopener\">Caderno 4 &#8211; Rosa<\/a>\u00a0(com gabarito) &#8211;\u00a0<a href=\"http:\/\/cursolider.com.br\/enem\/gabaritos\/2011\/04_ROSA_GABARITO.pdf\" target=\"_blank\" rel=\"noopener\">Gabarito<\/a>\u00a0&#8211; s\u00e1bado, 22\/10\/2011<\/li>\n<li><a href=\"http:\/\/cursolider.com.br\/enem\/provas\/2011\/05_AMARELO_GAB.pdf\" target=\"_blank\" rel=\"noopener\">Caderno 5 &#8211; Amarelo<\/a>\u00a0(com gabarito) &#8211;\u00a0<a href=\"http:\/\/cursolider.com.br\/enem\/gabaritos\/2011\/05_AMARELO_GABARITO.pdf\" target=\"_blank\" rel=\"noopener\">Gabarito<\/a>\u00a0&#8211; domingo, 23\/10\/2011<\/li>\n<li><a href=\"http:\/\/cursolider.com.br\/enem\/provas\/2011\/06_CINZA_GAB.pdf\" target=\"_blank\" rel=\"noopener\">Caderno 6 &#8211; Cinza<\/a>\u00a0(com gabarito) &#8211;\u00a0<a href=\"http:\/\/cursolider.com.br\/enem\/gabaritos\/2011\/06_CINZA_GABARITO.pdf\" target=\"_blank\" rel=\"noopener\">Gabarito<\/a>\u00a0&#8211; domingo, 23\/10\/2011<\/li>\n<li><a href=\"http:\/\/cursolider.com.br\/enem\/provas\/2011\/07_AZUL_GAB.pdf\" target=\"_blank\" rel=\"noopener\">Caderno 7 &#8211; Azul<\/a>\u00a0(com gabarito) &#8211;\u00a0<a href=\"http:\/\/cursolider.com.br\/enem\/gabaritos\/2011\/07_AZUL_GABARITO.pdf\" target=\"_blank\" rel=\"noopener\">Gabarito<\/a>\u00a0&#8211; domingo, 23\/10\/2011<\/li>\n<li><a href=\"http:\/\/cursolider.com.br\/enem\/provas\/2011\/08_ROSA_GAB.pdf\" target=\"_blank\" rel=\"noopener\">Caderno 8 &#8211; Rosa<\/a>\u00a0(com gabarito) &#8211;\u00a0<a href=\"http:\/\/cursolider.com.br\/enem\/gabaritos\/2011\/08_ROSA_GABARITO.pdf\" target=\"_blank\" rel=\"noopener\">Gabarito<\/a>\u00a0&#8211; domingo, 23\/10\/2011<\/li>\n<\/ul>\n<h4 class=\"titEnem\">2010<\/h4>\n<ul>\n<li><a href=\"http:\/\/cursolider.com.br\/enem\/provas\/2010\/AZUL_Sabado_GAB.pdf\" target=\"_blank\" rel=\"noopener\">Caderno Azul<\/a>\u00a0(com gabarito) &#8211; Prova 1<\/li>\n<li><a href=\"http:\/\/cursolider.com.br\/enem\/provas\/2010\/AZUL_Domingo_GAB.pdf\" target=\"_blank\" rel=\"noopener\">Caderno Azul\u00a0<\/a>(com gabarito) &#8211; Prova 2<\/li>\n<li><a href=\"http:\/\/cursolider.com.br\/enem\/provas\/2010\/AZUL_quarta-feira_GAB.pdf\" target=\"_blank\" rel=\"noopener\">Caderno Azul<\/a>\u00a0(com gabarito) &#8211; Prova 1 &#8211; segunda aplica\u00e7\u00e3o<\/li>\n<li><a href=\"http:\/\/cursolider.com.br\/enem\/provas\/2010\/AZUL_quinta-feira_GAB.pdf\" target=\"_blank\" rel=\"noopener\">Caderno Azul<\/a>\u00a0(com gabarito) &#8211; Prova 2 &#8211; segunda aplica\u00e7\u00e3o<\/li>\n<\/ul>\n<h4 class=\"titEnem\">2009<\/h4>\n<ul id=\"aui-3-2-0PR1-1167\">\n<li id=\"aui-3-2-0PR1-1166\"><a href=\"http:\/\/cursolider.com.br\/enem\/downloads\/2009\/dia1_caderno1.pdf\" target=\"_blank\" rel=\"noopener\">Caderno Azul<\/a>\u00a0&#8211; Prova 1 &#8211;\u00a0<a id=\"aui-3-2-0PR1-1165\" href=\"http:\/\/cursolider.com.br\/enem\/downloads\/2009\/gabaritodia1.pdf\" target=\"_blank\" rel=\"noopener\">Gabarito 1<\/a><\/li>\n<li><a href=\"http:\/\/cursolider.com.br\/enem\/downloads\/2009\/dia2_caderno7.pdf\" target=\"_blank\" rel=\"noopener\">Caderno Azul<\/a>\u00a0&#8211; Prova 2 &#8211;\u00a0<a href=\"http:\/\/cursolider.com.br\/enem\/downloads\/2009\/gabaritodia2.pdf\" target=\"_blank\" rel=\"noopener\">Gabarito 2<\/a><\/li>\n<\/ul>\n<h4 class=\"titEnem\">Anteriores a 2009<\/h4>\n<p>&nbsp;<\/p>\n<table id=\"aui-3-2-0PR1-1188\" border=\"1\" cellspacing=\"1\" cellpadding=\"1\" align=\"center\">\n<tbody id=\"aui-3-2-0PR1-1187\">\n<tr>\n<td><strong>2008<\/strong><\/td>\n<td><strong>2007<\/strong><\/td>\n<td><strong>2006<\/strong><\/td>\n<td><strong>2005<\/strong><\/td>\n<td><strong>2004<\/strong><\/td>\n<td><strong>2003<\/strong><\/td>\n<td><strong>2002<\/strong><\/td>\n<td><strong>2001<\/strong><\/td>\n<td><strong>2000<\/strong><\/td>\n<td><strong>1999<\/strong><\/td>\n<td><strong>1998<\/strong><\/td>\n<\/tr>\n<tr id=\"aui-3-2-0PR1-1186\">\n<td><a href=\"http:\/\/cursolider.com.br\/enem\/provas\/2008\/2008_amarela.pdf\" target=\"_blank\" rel=\"noopener\">Caderno Amarelo<\/a><\/td>\n<td><a href=\"http:\/\/cursolider.com.br\/enem\/provas\/2007\/2007_amarela.pdf\" target=\"_blank\" rel=\"noopener\">Caderno Amarelo<\/a><\/td>\n<td><a href=\"http:\/\/cursolider.com.br\/enem\/provas\/2006\/2006_amarela.pdf\" target=\"_blank\" rel=\"noopener\">Caderno Amarelo<\/a><\/td>\n<td><a href=\"http:\/\/cursolider.com.br\/enem\/provas\/2005\/2005_amarela.pdf\" target=\"_blank\" rel=\"noopener\">Caderno Amarelo<\/a><\/td>\n<td id=\"aui-3-2-0PR1-1185\"><a id=\"aui-3-2-0PR1-1184\" href=\"http:\/\/cursolider.com.br\/enem\/provas\/2004\/2004_amarela.pdf\" target=\"_blank\" rel=\"noopener\">Caderno Amarelo<\/a><\/td>\n<td><a href=\"http:\/\/cursolider.com.br\/enem\/provas\/2003\/2003_amarela.pdf\" target=\"_blank\" rel=\"noopener\">Caderno Amarelo<\/a><\/td>\n<td><a href=\"http:\/\/cursolider.com.br\/enem\/provas\/2002\/2002_amarela.pdf\" target=\"_blank\" rel=\"noopener\">Caderno Amarelo<\/a><\/td>\n<td><a href=\"http:\/\/cursolider.com.br\/enem\/provas\/2001\/2001_amarela.pdf\" target=\"_blank\" rel=\"noopener\">Caderno Amarelo<\/a><\/td>\n<td><a href=\"http:\/\/cursolider.com.br\/enem\/provas\/2000\/2000_amarela.pdf\" target=\"_blank\" rel=\"noopener\">Caderno Amarelo<\/a><\/td>\n<td><a href=\"http:\/\/cursolider.com.br\/enem\/provas\/1999\/1999_amarela.pdf\" target=\"_blank\" rel=\"noopener\">Caderno Amarelo<\/a><\/td>\n<td><a href=\"http:\/\/cursolider.com.br\/enem\/provas\/1998\/1998_amarela.pdf\" target=\"_blank\" rel=\"noopener\">Caderno Amarelo<\/a><\/td>\n<\/tr>\n<\/tbody>\n<\/table>\n<\/div>\n<\/div>\n<\/div>\n","protected":false},"excerpt":{"rendered":"<p>QUERO FAZER MINHA INSCRI\u00c7\u00c3O Orienta\u00e7\u00f5es ao Participante Prezado(a) Participante, Antes de efetuar sua inscri\u00e7\u00e3o, leia atentamente o Edital do Exame, seus anexos e atos normativos nele mencionados.Clique aqui e acesse o Edital. Todas as informa\u00e7\u00f5es prestadas na inscri\u00e7\u00e3o s\u00e3o de&hellip;&nbsp;<a href=\"https:\/\/cursolider.com.br\/2018\/enem\/\" class=\"more-link\">Leia mais<\/a><\/p>\n","protected":false},"author":1,"featured_media":0,"parent":0,"menu_order":0,"comment_status":"closed","ping_status":"closed","template":"","meta":{"_monsterinsights_skip_tracking":false,"_monsterinsights_sitenote_active":false,"_monsterinsights_sitenote_note":"","_monsterinsights_sitenote_category":0},"_links":{"self":[{"href":"https:\/\/cursolider.com.br\/2018\/wp-json\/wp\/v2\/pages\/144"}],"collection":[{"href":"https:\/\/cursolider.com.br\/2018\/wp-json\/wp\/v2\/pages"}],"about":[{"href":"https:\/\/cursolider.com.br\/2018\/wp-json\/wp\/v2\/types\/page"}],"author":[{"embeddable":true,"href":"https:\/\/cursolider.com.br\/2018\/wp-json\/wp\/v2\/users\/1"}],"replies":[{"embeddable":true,"href":"https:\/\/cursolider.com.br\/2018\/wp-json\/wp\/v2\/comments?post=144"}],"version-history":[{"count":3,"href":"https:\/\/cursolider.com.br\/2018\/wp-json\/wp\/v2\/pages\/144\/revisions"}],"predecessor-version":[{"id":149,"href":"https:\/\/cursolider.com.br\/2018\/wp-json\/wp\/v2\/pages\/144\/revisions\/149"}],"wp:attachment":[{"href":"https:\/\/cursolider.com.br\/2018\/wp-json\/wp\/v2\/media?parent=144"}],"curies":[{"name":"wp","href":"https:\/\/api.w.org\/{rel}","templated":true}]}}